{"id":10,"date":"2015-06-17T16:13:59","date_gmt":"2015-06-17T16:13:59","guid":{"rendered":"https:\/\/sp2kfd.pzk.pl\/?page_id=10"},"modified":"2016-02-18T06:54:51","modified_gmt":"2016-02-18T06:54:51","slug":"aktualnosci","status":"publish","type":"page","link":"https:\/\/sp2kfd.pzk.pl\/?page_id=10","title":{"rendered":"O naszym klubie"},"content":{"rendered":"<p style=\"text-align: center;\">Klub SP2KFD znajduje si\u0119 w siedzibie LOK w Starogardzie Gda\u0144skim pryz ulicy Zielonej.<\/p>\n<p style=\"text-align: center;\"><img loading=\"lazy\" class=\"alignnone wp-image-432 size-medium\" src=\"https:\/\/sp2kfd.pzk.pl\/wp-content\/uploads\/2015\/06\/sp2kfd_a-300x193.jpg\" alt=\"sp2kfd_a\" width=\"300\" height=\"193\" srcset=\"https:\/\/sp2kfd.pzk.pl\/wp-content\/uploads\/2015\/06\/sp2kfd_a-300x193.jpg 300w, https:\/\/sp2kfd.pzk.pl\/wp-content\/uploads\/2015\/06\/sp2kfd_a.jpg 614w\" sizes=\"(max-width: 300px) 100vw, 300px\" \/><\/p>\n<p style=\"text-align: center;\">Spotkania klubowe odbywaj\u0105 si\u0119 w soboty w godzinach 10-12.<\/p>\n<p style=\"text-align: center;\"><strong><a href=\"http:\/\/www.qrz.com\/db\/sp2kfd#t_logbook\" target=\"_blank\">Logbook\u00a0klubowy<\/a>.<\/strong><\/p>\n<p>&nbsp;<\/p>\n","protected":false},"excerpt":{"rendered":"<p>Klub SP2KFD znajduje si\u0119 w siedzibie LOK w Starogardzie Gda\u0144skim pryz ulicy Zielonej. Spotkania klubowe odbywaj\u0105 si\u0119 w soboty w godzinach 10-12. Logbook\u00a0klubowy. &nbsp;<\/p>\n","protected":false},"author":1,"featured_media":0,"parent":0,"menu_order":0,"comment_status":"closed","ping_status":"closed","template":"","meta":{"ngg_post_thumbnail":0},"_links":{"self":[{"href":"https:\/\/sp2kfd.pzk.pl\/index.php?rest_route=\/wp\/v2\/pages\/10"}],"collection":[{"href":"https:\/\/sp2kfd.pzk.pl\/index.php?rest_route=\/wp\/v2\/pages"}],"about":[{"href":"https:\/\/sp2kfd.pzk.pl\/index.php?rest_route=\/wp\/v2\/types\/page"}],"author":[{"embeddable":true,"href":"https:\/\/sp2kfd.pzk.pl\/index.php?rest_route=\/wp\/v2\/users\/1"}],"replies":[{"embeddable":true,"href":"https:\/\/sp2kfd.pzk.pl\/index.php?rest_route=%2Fwp%2Fv2%2Fcomments&post=10"}],"version-history":[{"count":15,"href":"https:\/\/sp2kfd.pzk.pl\/index.php?rest_route=\/wp\/v2\/pages\/10\/revisions"}],"predecessor-version":[{"id":987,"href":"https:\/\/sp2kfd.pzk.pl\/index.php?rest_route=\/wp\/v2\/pages\/10\/revisions\/987"}],"wp:attachment":[{"href":"https:\/\/sp2kfd.pzk.pl\/index.php?rest_route=%2Fwp%2Fv2%2Fmedia&parent=10"}],"curies":[{"name":"wp","href":"https:\/\/api.w.org\/{rel}","templated":true}]}}