{"id":113,"date":"2015-06-17T18:26:28","date_gmt":"2015-06-17T18:26:28","guid":{"rendered":"https:\/\/sp2kfd.pzk.pl\/?page_id=113"},"modified":"2015-07-27T09:00:46","modified_gmt":"2015-07-27T09:00:46","slug":"galeria-zdjec","status":"publish","type":"page","link":"https:\/\/sp2kfd.pzk.pl\/?page_id=113","title":{"rendered":"Galeria zdj\u0119\u0107"},"content":{"rendered":"<p><div class=\"ngg-albumoverview\">\n            <div class=\"ngg-album\">\n            <div class=\"ngg-albumtitle\">\n                <a class='gallery_link' href='https:\/\/sp2kfd.pzk.pl\/index.php\/nggallery\/2015-remont?page_id=113'>2015 remont<\/a>\n            <\/div>\n            <div class=\"ngg-albumcontent\">\n                <div class=\"ngg-thumbnail\">\n                    <a class='gallery_link' href='https:\/\/sp2kfd.pzk.pl\/index.php\/nggallery\/2015-remont?page_id=113'>\n                        <img class=\"Thumb\"\n                             alt=\"2015 remont\"\n                             src=\"https:\/\/sp2kfd.pzk.pl\/wp-content\/gallery\/2015-remont-ciag-dalszy\/cache\/2015-07-23-18.23.29.jpg-nggid03173-ngg0dyn-91x68-00f0w010c011r110f110r010t010.jpg\"\/>\n                    <\/a>\n                <\/div>\n                <div class=\"ngg-description\">\n                    <p><\/p>\n                                    <\/div>\n            <\/div>\n        <\/div>\n            <div class=\"ngg-album\">\n            <div class=\"ngg-albumtitle\">\n                <a class='gallery_link' href='https:\/\/sp2kfd.pzk.pl\/index.php\/nggallery\/karty-qsl\/2015-06-20-bachorze?page_id=113'>2015-06-20 Bachorze<\/a>\n            <\/div>\n            <div class=\"ngg-albumcontent\">\n                <div class=\"ngg-thumbnail\">\n                    <a class='gallery_link' href='https:\/\/sp2kfd.pzk.pl\/index.php\/nggallery\/karty-qsl\/2015-06-20-bachorze?page_id=113'>\n                        <img class=\"Thumb\"\n                             alt=\"2015-06-20 Bachorze\"\n                             src=\"https:\/\/sp2kfd.pzk.pl\/wp-content\/gallery\/2015-06-20-bachorze\/cache\/DSC04728.jpg-nggid03164-ngg0dyn-91x68-00f0w010c011r110f110r010t010.jpg\"\/>\n                    <\/a>\n                <\/div>\n                <div class=\"ngg-description\">\n                    <p><\/p>\n                                            <p class=\"ngg-album-gallery-image-counter\"><strong>13<\/strong>&nbsp;Zdj\u0119\u0107<\/p>\n                                    <\/div>\n            <\/div>\n        <\/div>\n            <div class=\"ngg-album\">\n            <div class=\"ngg-albumtitle\">\n                <a class='gallery_link' href='https:\/\/sp2kfd.pzk.pl\/index.php\/nggallery\/karty-qsl\/2015-los-all?page_id=113'>2015 - Spotkanie \u0141O\u015a<\/a>\n            <\/div>\n            <div class=\"ngg-albumcontent\">\n                <div class=\"ngg-thumbnail\">\n                    <a class='gallery_link' href='https:\/\/sp2kfd.pzk.pl\/index.php\/nggallery\/karty-qsl\/2015-los-all?page_id=113'>\n                        <img class=\"Thumb\"\n                             alt=\"2015 - Spotkanie \u0141O\u015a\"\n                             src=\"https:\/\/sp2kfd.pzk.pl\/wp-content\/gallery\/2015-los-all\/cache\/DSC04173-Kopiowanie.JPG-nggid0228-ngg0dyn-91x68-00f0w010c011r110f110r010t010.JPG\"\/>\n                    <\/a>\n                <\/div>\n                <div class=\"ngg-description\">\n                    <p><\/p>\n                                            <p class=\"ngg-album-gallery-image-counter\"><strong>26<\/strong>&nbsp;Zdj\u0119\u0107<\/p>\n                                    <\/div>\n            <\/div>\n        <\/div>\n            <div class=\"ngg-album\">\n            <div class=\"ngg-albumtitle\">\n                <a class='gallery_link' href='https:\/\/sp2kfd.pzk.pl\/index.php\/nggallery\/karty-qsl\/2015-01-31-antena-lw?page_id=113'>2015-01-31 - monta\u017c anteny LW<\/a>\n            <\/div>\n            <div class=\"ngg-albumcontent\">\n                <div class=\"ngg-thumbnail\">\n                    <a class='gallery_link' href='https:\/\/sp2kfd.pzk.pl\/index.php\/nggallery\/karty-qsl\/2015-01-31-antena-lw?page_id=113'>\n                        <img class=\"Thumb\"\n                             alt=\"2015-01-31 - monta\u017c anteny LW\"\n                             src=\"https:\/\/sp2kfd.pzk.pl\/wp-content\/gallery\/2015-01-31-antena-lw\/cache\/DSC04501.JPG-nggid0256-ngg0dyn-91x68-00f0w010c011r110f110r010t010.JPG\"\/>\n                    <\/a>\n                <\/div>\n                <div class=\"ngg-description\">\n                    <p><\/p>\n                                            <p class=\"ngg-album-gallery-image-counter\"><strong>21<\/strong>&nbsp;Zdj\u0119\u0107<\/p>\n                                    <\/div>\n            <\/div>\n        <\/div>\n            <div class=\"ngg-album\">\n            <div class=\"ngg-albumtitle\">\n                <a class='gallery_link' href='https:\/\/sp2kfd.pzk.pl\/index.php\/nggallery\/karty-qsl\/2014-spotkanie-krojanty?page_id=113'>2014 - Spotkanie Krojanty<\/a>\n            <\/div>\n            <div class=\"ngg-albumcontent\">\n                <div class=\"ngg-thumbnail\">\n                    <a class='gallery_link' href='https:\/\/sp2kfd.pzk.pl\/index.php\/nggallery\/karty-qsl\/2014-spotkanie-krojanty?page_id=113'>\n                        <img class=\"Thumb\"\n                             alt=\"2014 - Spotkanie Krojanty\"\n                             src=\"https:\/\/sp2kfd.pzk.pl\/wp-content\/gallery\/2014-spotkanie-krojanty\/cache\/DSC03987_.jpg-nggid0219-ngg0dyn-91x68-00f0w010c011r110f110r010t010.jpg\"\/>\n                    <\/a>\n                <\/div>\n                <div class=\"ngg-description\">\n                    <p><\/p>\n                                            <p class=\"ngg-album-gallery-image-counter\"><strong>6<\/strong>&nbsp;Zdj\u0119\u0107<\/p>\n                                    <\/div>\n            <\/div>\n        <\/div>\n            <div class=\"ngg-album\">\n            <div class=\"ngg-albumtitle\">\n                <a class='gallery_link' href='https:\/\/sp2kfd.pzk.pl\/index.php\/nggallery\/karty-qsl\/2011-bietowo?page_id=113'>2011 - Bietowo<\/a>\n            <\/div>\n            <div class=\"ngg-albumcontent\">\n                <div class=\"ngg-thumbnail\">\n                    <a class='gallery_link' href='https:\/\/sp2kfd.pzk.pl\/index.php\/nggallery\/karty-qsl\/2011-bietowo?page_id=113'>\n                        <img class=\"Thumb\"\n                             alt=\"2011 - Bietowo\"\n                             src=\"https:\/\/sp2kfd.pzk.pl\/wp-content\/gallery\/2011-bietowo\/cache\/Resize-of-Resize-of-DSC01660.JPG-nggid03159-ngg0dyn-91x68-00f0w010c011r110f110r010t010.JPG\"\/>\n                    <\/a>\n                <\/div>\n                <div class=\"ngg-description\">\n                    <p><\/p>\n                                            <p class=\"ngg-album-gallery-image-counter\"><strong>5<\/strong>&nbsp;Zdj\u0119\u0107<\/p>\n                                    <\/div>\n            <\/div>\n        <\/div>\n        <div class='ngg-clear'><\/div><\/div>\n<\/p>\n","protected":false},"excerpt":{"rendered":"<p>2015 remont 2015-06-20 Bachorze 13&nbsp;Zdj\u0119\u0107 2015 &#8211; Spotkanie \u0141O\u015a 26&nbsp;Zdj\u0119\u0107 2015-01-31 &#8211; monta\u017c anteny LW 21&nbsp;Zdj\u0119\u0107 2014 &#8211; Spotkanie Krojanty 6&nbsp;Zdj\u0119\u0107 2011 &#8211; Bietowo 5&nbsp;Zdj\u0119\u0107<\/p>\n","protected":false},"author":1,"featured_media":0,"parent":0,"menu_order":0,"comment_status":"closed","ping_status":"open","template":"","meta":{"ngg_post_thumbnail":0},"_links":{"self":[{"href":"https:\/\/sp2kfd.pzk.pl\/index.php?rest_route=\/wp\/v2\/pages\/113"}],"collection":[{"href":"https:\/\/sp2kfd.pzk.pl\/index.php?rest_route=\/wp\/v2\/pages"}],"about":[{"href":"https:\/\/sp2kfd.pzk.pl\/index.php?rest_route=\/wp\/v2\/types\/page"}],"author":[{"embeddable":true,"href":"https:\/\/sp2kfd.pzk.pl\/index.php?rest_route=\/wp\/v2\/users\/1"}],"replies":[{"embeddable":true,"href":"https:\/\/sp2kfd.pzk.pl\/index.php?rest_route=%2Fwp%2Fv2%2Fcomments&post=113"}],"version-history":[{"count":3,"href":"https:\/\/sp2kfd.pzk.pl\/index.php?rest_route=\/wp\/v2\/pages\/113\/revisions"}],"predecessor-version":[{"id":124,"href":"https:\/\/sp2kfd.pzk.pl\/index.php?rest_route=\/wp\/v2\/pages\/113\/revisions\/124"}],"wp:attachment":[{"href":"https:\/\/sp2kfd.pzk.pl\/index.php?rest_route=%2Fwp%2Fv2%2Fmedia&parent=113"}],"curies":[{"name":"wp","href":"https:\/\/api.w.org\/{rel}","templated":true}]}}