{"id":417,"date":"2015-06-22T18:33:37","date_gmt":"2015-06-22T18:33:37","guid":{"rendered":"https:\/\/sp2kfd.pzk.pl\/?page_id=417"},"modified":"2021-07-10T12:05:53","modified_gmt":"2021-07-10T12:05:53","slug":"przydatne-programy","status":"publish","type":"page","link":"https:\/\/sp2kfd.pzk.pl\/?page_id=417","title":{"rendered":"Przydatne programy"},"content":{"rendered":"<p>Pobra\u0107 i \u0107wiczy\u0107 CW<\/p>\n\n\n<p><a href=\"http:\/\/f6dqm.free.fr\/soft\/cwplayer\/en\/cwplayer.htm\" target=\"_blank\" rel=\"noreferrer noopener\">http:\/\/f6dqm.free.fr\/soft\/cwplayer\/en\/cwplayer.htm<\/a><\/p>\n\n\n\n<p><\/p>\n","protected":false},"excerpt":{"rendered":"<p>Pobra\u0107 i \u0107wiczy\u0107 CW http:\/\/f6dqm.free.fr\/soft\/cwplayer\/en\/cwplayer.htm<\/p>\n","protected":false},"author":1,"featured_media":0,"parent":0,"menu_order":0,"comment_status":"closed","ping_status":"open","template":"","meta":{"ngg_post_thumbnail":0},"_links":{"self":[{"href":"https:\/\/sp2kfd.pzk.pl\/index.php?rest_route=\/wp\/v2\/pages\/417"}],"collection":[{"href":"https:\/\/sp2kfd.pzk.pl\/index.php?rest_route=\/wp\/v2\/pages"}],"about":[{"href":"https:\/\/sp2kfd.pzk.pl\/index.php?rest_route=\/wp\/v2\/types\/page"}],"author":[{"embeddable":true,"href":"https:\/\/sp2kfd.pzk.pl\/index.php?rest_route=\/wp\/v2\/users\/1"}],"replies":[{"embeddable":true,"href":"https:\/\/sp2kfd.pzk.pl\/index.php?rest_route=%2Fwp%2Fv2%2Fcomments&post=417"}],"version-history":[{"count":10,"href":"https:\/\/sp2kfd.pzk.pl\/index.php?rest_route=\/wp\/v2\/pages\/417\/revisions"}],"predecessor-version":[{"id":2180,"href":"https:\/\/sp2kfd.pzk.pl\/index.php?rest_route=\/wp\/v2\/pages\/417\/revisions\/2180"}],"wp:attachment":[{"href":"https:\/\/sp2kfd.pzk.pl\/index.php?rest_route=%2Fwp%2Fv2%2Fmedia&parent=417"}],"curies":[{"name":"wp","href":"https:\/\/api.w.org\/{rel}","templated":true}]}}