{"id":62,"date":"2015-06-17T17:04:15","date_gmt":"2015-06-17T17:04:15","guid":{"rendered":"https:\/\/sp2kfd.pzk.pl\/?page_id=62"},"modified":"2022-03-31T16:14:13","modified_gmt":"2022-03-31T16:14:13","slug":"przydatne-linki","status":"publish","type":"page","link":"https:\/\/sp2kfd.pzk.pl\/?page_id=62","title":{"rendered":"Przydatne linki"},"content":{"rendered":"<ul>\n<li class=\"firstItem\">Informacje o stacjach kr\u00f3tkofalarskich\n<ul>\n<li class=\"firstItem\"><a href=\"http:\/\/www.qrz.com\/\" target=\"_blank\" rel=\"noopener\">QRZ.COM<\/a><\/li>\n<li class=\"lastItem\"><a href=\"http:\/\/qrz.pl\/\" target=\"_blank\" rel=\"noopener\">QRZ.PL<\/a><\/li>\n<\/ul>\n<\/li>\n<li>Zawody\n<ul>\n<li class=\"lastItem firstItem\"><a href=\"http:\/\/www.sp5kcr.eu\/wyniki-zawodow\/155-mp-amatorskich-radiostacji-klubowych-i-indywidualnych-wyniki\" target=\"_blank\" rel=\"noopener\">Wyniki zawod\u00f3w MARKIWyniki zawod\u00f3w MARKI<\/a><\/li>\n<\/ul>\n<\/li>\n<li>Aktywno\u015b\u0107 pasm, propagacje itp.\n<ul>\n<li class=\"firstItem\"><a href=\"http:\/\/aprs.mountainlake.k12.mn.us\/\" target=\"_blank\" rel=\"noopener\">Propagacja fal radiowych VHF Propagacja fal radiowych VHF<\/a><\/li>\n<li><a href=\"http:\/\/www.voacap.com\/prediction.html\" target=\"_blank\" rel=\"noopener\">Propagacja fal radiowych KF<\/a><\/li>\n<li><a href=\"http:\/\/www.dxmaps.com\/spots\/map.php?Lan=E&amp;Frec=14&amp;ML=M&amp;Map=W2L&amp;DXC=N&amp;HF=S&amp;GL=N\" target=\"_blank\" rel=\"noopener\">Aktywno\u015b\u0107 pasm amatorskich<\/a><\/li>\n<li><a href=\"http:\/\/www.lightningmaps.org\/blitzortung\/europe\/index.php?lang=pl&amp;lang=pl\" target=\"_blank\" rel=\"noopener\">Mapy wy\u0142adowa\u0144 atmosferycznych &#8211; strona zagraniczna<\/a><\/li>\n<li><a href=\"https:\/\/burze.dzis.net\/\" target=\"_blank\" rel=\"noopener\">Mapa wy\u0142adowa\u0144 atmosferycznych &#8211; strona polska<\/a><\/li>\n<li><a href=\"http:\/\/www.telepogoda.pl\/polska\/pomorskie\/starogard-gdanski\" target=\"_blank\" rel=\"noopener\">Pogoda lokalna<\/a><\/li>\n<li class=\"lastItem\"><a href=\"http:\/\/pl.sat24.com\/pl\" target=\"_blank\" rel=\"noopener\">Pogoda w Europie<\/a><\/li>\n<\/ul>\n<\/li>\n<li>Informacje o stacjach kr\u00f3tkofalarskich\n<ul>\n<li class=\"firstItem\"><a href=\"http:\/\/www.qrz.com\/\" target=\"_blank\" rel=\"noopener\">qrz.com<br \/>\n<\/a><\/li>\n<li class=\"lastItem\"><a href=\"http:\/\/qrz.pl\/\" target=\"_blank\" rel=\"noopener\">qrz.pl<\/a><\/li>\n<\/ul>\n<\/li>\n<li>DX cluster\n<ul>\n<li class=\"firstItem\"><a href=\"http:\/\/www.dxsummit.fi\/#\/\" target=\"_blank\" rel=\"noopener\">dxsummitdxsummit<\/a><\/li>\n<li class=\"lastItem\"><a href=\"http:\/\/cluster.sdr-radio.com\/Spots\/ALL.aspx\" target=\"_blank\" rel=\"noopener\">dxcluster<\/a><\/li>\n<\/ul>\n<\/li>\n<li>Zagraniczne strony o kr\u00f3tkofalarstwie\n<ul>\n<li class=\"lastItem firstItem\"><a href=\"http:\/\/www.cqham.ru\/\" target=\"_blank\" rel=\"noopener\">cqham<br \/>\n<\/a><\/li>\n<\/ul>\n<\/li>\n<li>SDR &#8211; Software Dafined Radio\n<ul>\n<li class=\"firstItem\"><a href=\"http:\/\/websdr.org\/\" target=\"_blank\" rel=\"noopener\">websdr.org &#8211; spis dost\u0119nych SDR<br \/>\n<\/a><\/li>\n<li class=\"lastItem\"><a href=\"http:\/\/www.websdr.at\/\" target=\"_blank\" rel=\"noopener\">SDR Austria<\/a><\/li>\n<li><a href=\"http:\/\/sdr.so8oo.net\/\" target=\"_blank\" rel=\"noopener\">sdr SO8OO<\/a><\/li>\n<\/ul>\n<\/li>\n<li class=\"lastItem\">Inne\n<ul>\n<li class=\"lastItem firstItem\"><a href=\"http:\/\/www.sp2swj.sp-qrp.pl\/IW3HEV\/VNA3p_montaz\/VNA_pomiary.htm\" target=\"_blank\" rel=\"noopener\">Przyk\u0142adowe pomiary VNA<\/a><\/li>\n<li><a href=\"http:\/\/www.rbi.ampr.org\/news.php\" target=\"_blank\" rel=\"noopener\">RBI<\/a><\/li>\n<li><a href=\"http:\/\/noseynick.net\/va3nnw\/cw\/#using\" target=\"_blank\" rel=\"noopener\">nauka CW<\/a><\/li>\n<\/ul>\n<\/li>\n<\/ul>\n","protected":false},"excerpt":{"rendered":"<p>Informacje o stacjach kr\u00f3tkofalarskich QRZ.COM QRZ.PL Zawody Wyniki zawod\u00f3w MARKIWyniki zawod\u00f3w MARKI Aktywno\u015b\u0107 pasm, propagacje itp. Propagacja fal radiowych VHF Propagacja fal radiowych VHF Propagacja fal radiowych KF Aktywno\u015b\u0107 pasm amatorskich Mapy wy\u0142adowa\u0144 atmosferycznych &#8211; strona zagraniczna Mapa wy\u0142adowa\u0144 atmosferycznych &#8211; strona polska Pogoda lokalna Pogoda w Europie Informacje o stacjach kr\u00f3tkofalarskich qrz.com qrz.pl DX &#8230; <a class=\"read-more\" href=\"https:\/\/sp2kfd.pzk.pl\/?page_id=62\">Wi\u0119cej<\/a><\/p>\n","protected":false},"author":1,"featured_media":0,"parent":0,"menu_order":0,"comment_status":"closed","ping_status":"open","template":"","meta":{"ngg_post_thumbnail":0},"_links":{"self":[{"href":"https:\/\/sp2kfd.pzk.pl\/index.php?rest_route=\/wp\/v2\/pages\/62"}],"collection":[{"href":"https:\/\/sp2kfd.pzk.pl\/index.php?rest_route=\/wp\/v2\/pages"}],"about":[{"href":"https:\/\/sp2kfd.pzk.pl\/index.php?rest_route=\/wp\/v2\/types\/page"}],"author":[{"embeddable":true,"href":"https:\/\/sp2kfd.pzk.pl\/index.php?rest_route=\/wp\/v2\/users\/1"}],"replies":[{"embeddable":true,"href":"https:\/\/sp2kfd.pzk.pl\/index.php?rest_route=%2Fwp%2Fv2%2Fcomments&post=62"}],"version-history":[{"count":4,"href":"https:\/\/sp2kfd.pzk.pl\/index.php?rest_route=\/wp\/v2\/pages\/62\/revisions"}],"predecessor-version":[{"id":2282,"href":"https:\/\/sp2kfd.pzk.pl\/index.php?rest_route=\/wp\/v2\/pages\/62\/revisions\/2282"}],"wp:attachment":[{"href":"https:\/\/sp2kfd.pzk.pl\/index.php?rest_route=%2Fwp%2Fv2%2Fmedia&parent=62"}],"curies":[{"name":"wp","href":"https:\/\/api.w.org\/{rel}","templated":true}]}}