{"id":8,"date":"2015-06-17T16:13:24","date_gmt":"2015-06-17T16:13:24","guid":{"rendered":"https:\/\/sp2kfd.pzk.pl\/?page_id=8"},"modified":"2016-01-25T22:30:51","modified_gmt":"2016-01-25T22:30:51","slug":"kontakt","status":"publish","type":"page","link":"https:\/\/sp2kfd.pzk.pl\/?page_id=8","title":{"rendered":"Kontakt"},"content":{"rendered":"<p style=\"text-align: center;\">Dni klubowe: sobota godz. 10:00 &#8211; 12:00<\/p>\n<p style=\"text-align: center;\">czestotliwo\u015b\u0107 wywo\u0142awcza<br \/>\n145,500 MHz oraz 433,500 MHz<\/p>\n<p style=\"text-align: center;\">adr. Klub \u0141acznosci LOK<br \/>\nSP2KFD<br \/>\nul. Zielona 18<br \/>\n83-200 STAROGARD GD<\/p>\n<p style=\"text-align: center;\">e-mail: <span id=\"cloak10294\"><a href=\"mailto:sp2kfd@gmail.com\">sp2kfd@gmail.com<\/a><\/span><\/p>\n<h2 class=\"pagetitle\"><\/h2>\n<div class=\"wpgmp_map_container wpgmp-map-2\" rel=\"map2\"><div class=\"wpgmp_map_parent\"><div class=\"wpgmp_map \" style=\"width:100%; height:500px;\" id=\"map2\" ><\/div><\/div><\/div><script>jQuery(document).ready(function($) {var map2 = $(\"#map2\").maps({\"map_options\":{\"center_lat\":\"53.97505899999999\",\"center_lng\":\"18.538882899999976\",\"zoom\":10,\"map_type_id\":\"ROADMAP\",\"draggable\":true,\"scroll_wheel\":true,\"display_45_imagery\":\"\",\"marker_default_icon\":\"\",\"infowindow_setting\":\"\",\"infowindow_bounce_animation\":null,\"infowindow_drop_animation\":false,\"close_infowindow_on_map_click\":false,\"default_infowindow_open\":false,\"infowindow_open_event\":\"click\",\"full_screen_control\":true,\"search_control\":true,\"zoom_control\":true,\"map_type_control\":true,\"street_view_control\":true,\"full_screen_control_position\":null,\"search_control_position\":\"TOP_LEFT\",\"zoom_control_position\":null,\"map_type_control_position\":null,\"map_type_control_style\":null,\"street_view_control_position\":null,\"map_control\":true,\"map_control_settings\":false,\"map_zoom_after_search\":6,\"width\":\"\",\"height\":\"500\"},\"places\":[{\"id\":\"1\",\"title\":\"SP2KFD\",\"address\":\"STarogard Zielona 18\",\"source\":\"manual\",\"content\":\"SP2KFD - Klub\",\"location\":{\"icon\":\"https:\\\/\\\/sp2kfd.pzk.pl\\\/wp-content\\\/plugins\\\/wp-google-map-plugin\\\/assets\\\/images\\\/default_marker.png\",\"lat\":\"53.97505899999999\",\"lng\":\"18.538882899999976\",\"city\":null,\"state\":null,\"country\":null,\"onclick_action\":\"marker\",\"redirect_custom_link\":null,\"marker_image\":\"\",\"open_new_tab\":null,\"postal_code\":null,\"draggable\":false,\"infowindow_default_open\":false,\"animation\":null,\"infowindow_disable\":true,\"zoom\":5,\"extra_fields\":\"\"},\"categories\":[],\"custom_filters\":\"\"}],\"styles\":\"\",\"listing\":\"\",\"map_property\":{\"map_id\":\"2\"}}).data(\"wpgmp_maps\");});<\/script>\n","protected":false},"excerpt":{"rendered":"<p>Dni klubowe: sobota godz. 10:00 &#8211; 12:00 czestotliwo\u015b\u0107 wywo\u0142awcza 145,500 MHz oraz 433,500 MHz adr. Klub \u0141acznosci LOK SP2KFD ul. Zielona 18 83-200 STAROGARD GD e-mail: sp2kfd@gmail.com<\/p>\n","protected":false},"author":1,"featured_media":0,"parent":0,"menu_order":0,"comment_status":"closed","ping_status":"closed","template":"","meta":{"ngg_post_thumbnail":0},"_links":{"self":[{"href":"https:\/\/sp2kfd.pzk.pl\/index.php?rest_route=\/wp\/v2\/pages\/8"}],"collection":[{"href":"https:\/\/sp2kfd.pzk.pl\/index.php?rest_route=\/wp\/v2\/pages"}],"about":[{"href":"https:\/\/sp2kfd.pzk.pl\/index.php?rest_route=\/wp\/v2\/types\/page"}],"author":[{"embeddable":true,"href":"https:\/\/sp2kfd.pzk.pl\/index.php?rest_route=\/wp\/v2\/users\/1"}],"replies":[{"embeddable":true,"href":"https:\/\/sp2kfd.pzk.pl\/index.php?rest_route=%2Fwp%2Fv2%2Fcomments&post=8"}],"version-history":[{"count":8,"href":"https:\/\/sp2kfd.pzk.pl\/index.php?rest_route=\/wp\/v2\/pages\/8\/revisions"}],"predecessor-version":[{"id":967,"href":"https:\/\/sp2kfd.pzk.pl\/index.php?rest_route=\/wp\/v2\/pages\/8\/revisions\/967"}],"wp:attachment":[{"href":"https:\/\/sp2kfd.pzk.pl\/index.php?rest_route=%2Fwp%2Fv2%2Fmedia&parent=8"}],"curies":[{"name":"wp","href":"https:\/\/api.w.org\/{rel}","templated":true}]}}