{"id":852,"date":"2015-10-05T14:08:20","date_gmt":"2015-10-05T14:08:20","guid":{"rendered":"https:\/\/sp2kfd.pzk.pl\/?page_id=852"},"modified":"2021-12-18T19:29:41","modified_gmt":"2021-12-18T19:29:41","slug":"strona-w-budowie","status":"publish","type":"page","link":"https:\/\/sp2kfd.pzk.pl\/?page_id=852","title":{"rendered":"Troch\u0119 historii"},"content":{"rendered":"<p><div class=\"ngg-albumoverview\">\n            <div class=\"ngg-album\">\n            <div class=\"ngg-albumtitle\">\n                <a class='gallery_link' href='https:\/\/sp2kfd.pzk.pl\/index.php\/nggallery\/dyplomy-klubowiczow\/operatorzy-klubu-sp2kfd?page_id=852'>Operatorzy klubu SP2KFD<\/a>\n            <\/div>\n            <div class=\"ngg-albumcontent\">\n                <div class=\"ngg-thumbnail\">\n                    <a class='gallery_link' href='https:\/\/sp2kfd.pzk.pl\/index.php\/nggallery\/dyplomy-klubowiczow\/operatorzy-klubu-sp2kfd?page_id=852'>\n                        <img class=\"Thumb\"\n                             alt=\"Operatorzy klubu SP2KFD\"\n                             src=\"https:\/\/sp2kfd.pzk.pl\/wp-content\/gallery\/dyplomy-sp2nbv\/cache\/IRG.jpg-nggid03515-ngg0dyn-91x68-00f0w010c011r110f110r010t010.jpg\"\/>\n                    <\/a>\n                <\/div>\n                <div class=\"ngg-description\">\n                    <p>Klub SP2KFD przy Placu 16-tej Dywizji (lata 70-te) i inne<\/p>\n                                            <p class=\"ngg-album-gallery-image-counter\"><strong>8<\/strong>&nbsp;Zdj\u0119\u0107<\/p>\n                                    <\/div>\n            <\/div>\n        <\/div>\n            <div class=\"ngg-album\">\n            <div class=\"ngg-albumtitle\">\n                <a class='gallery_link' href='https:\/\/sp2kfd.pzk.pl\/index.php\/nggallery\/dyplomy-klubowiczow\/polny-dzien?page_id=852'>Polny Dzie\u0144<\/a>\n            <\/div>\n            <div class=\"ngg-albumcontent\">\n                <div class=\"ngg-thumbnail\">\n                    <a class='gallery_link' href='https:\/\/sp2kfd.pzk.pl\/index.php\/nggallery\/dyplomy-klubowiczow\/polny-dzien?page_id=852'>\n                        <img class=\"Thumb\"\n                             alt=\"Polny Dzie\u0144\"\n                             src=\"https:\/\/sp2kfd.pzk.pl\/wp-content\/gallery\/dyplomy-sq2kst\/cache\/namiot3.jpg-nggid03520-ngg0dyn-91x68-00f0w010c011r110f110r010t010.jpg\"\/>\n                    <\/a>\n                <\/div>\n                <div class=\"ngg-description\">\n                    <p>Operatorzy stacji SP2KFD w \u0107wiczeniach stacji klubowych - Polny Dzie\u0144 (lata 70-te)<\/p>\n                                            <p class=\"ngg-album-gallery-image-counter\"><strong>3<\/strong>&nbsp;Zdj\u0119\u0107<\/p>\n                                    <\/div>\n            <\/div>\n        <\/div>\n        <div class='ngg-clear'><\/div><\/div>\n<\/p>\n\n\n<p><\/p>\n","protected":false},"excerpt":{"rendered":"<p>Operatorzy klubu SP2KFD Klub SP2KFD przy Placu 16-tej Dywizji (lata 70-te) i inne 8&nbsp;Zdj\u0119\u0107 Polny Dzie\u0144 Operatorzy stacji SP2KFD w \u0107wiczeniach stacji klubowych &#8211; Polny Dzie\u0144 (lata 70-te) 3&nbsp;Zdj\u0119\u0107<\/p>\n","protected":false},"author":1,"featured_media":0,"parent":0,"menu_order":0,"comment_status":"closed","ping_status":"closed","template":"","meta":{"ngg_post_thumbnail":0},"_links":{"self":[{"href":"https:\/\/sp2kfd.pzk.pl\/index.php?rest_route=\/wp\/v2\/pages\/852"}],"collection":[{"href":"https:\/\/sp2kfd.pzk.pl\/index.php?rest_route=\/wp\/v2\/pages"}],"about":[{"href":"https:\/\/sp2kfd.pzk.pl\/index.php?rest_route=\/wp\/v2\/types\/page"}],"author":[{"embeddable":true,"href":"https:\/\/sp2kfd.pzk.pl\/index.php?rest_route=\/wp\/v2\/users\/1"}],"replies":[{"embeddable":true,"href":"https:\/\/sp2kfd.pzk.pl\/index.php?rest_route=%2Fwp%2Fv2%2Fcomments&post=852"}],"version-history":[{"count":8,"href":"https:\/\/sp2kfd.pzk.pl\/index.php?rest_route=\/wp\/v2\/pages\/852\/revisions"}],"predecessor-version":[{"id":2400,"href":"https:\/\/sp2kfd.pzk.pl\/index.php?rest_route=\/wp\/v2\/pages\/852\/revisions\/2400"}],"wp:attachment":[{"href":"https:\/\/sp2kfd.pzk.pl\/index.php?rest_route=%2Fwp%2Fv2%2Fmedia&parent=852"}],"curies":[{"name":"wp","href":"https:\/\/api.w.org\/{rel}","templated":true}]}}