{"id":975,"date":"2018-02-14T18:42:15","date_gmt":"2018-02-14T18:42:15","guid":{"rendered":"https:\/\/sp2kfd.pzk.pl\/?page_id=975"},"modified":"2024-05-30T10:58:47","modified_gmt":"2024-05-30T10:58:47","slug":"pamietamy","status":"publish","type":"page","link":"https:\/\/sp2kfd.pzk.pl\/?page_id=975","title":{"rendered":"Pami\u0119\u0107 o tych kt\u00f3rzy odeszli"},"content":{"rendered":"<p style=\"text-align: center;\">&nbsp;<\/p>\n<p style=\"text-align: center;\"><a href=\"https:\/\/sp2kfd.pzk.pl\/wp-content\/uploads\/2021\/03\/swieczka1.gif\"><img loading=\"lazy\" class=\"size-full wp-image-2089 aligncenter\" src=\"https:\/\/sp2kfd.pzk.pl\/wp-content\/uploads\/2021\/03\/swieczka1.gif\" alt=\"\" width=\"166\" height=\"263\"><\/a><\/p>\n<p style=\"text-align: left;\">&nbsp; &nbsp;<\/p>\n<p style=\"text-align: center;\">&nbsp; &nbsp;SP2MW &#8211; Jurek (Jerzy)<\/p>\n<p style=\"text-align: center;\">SP2IRG &#8211; Edek<\/p>\n<p style=\"text-align: center;\">SP2JKD &#8211; Tadek<\/p>\n<p style=\"text-align: center;\">SP2IRI &#8211; J\u00f3zef<\/p>\n<p style=\"text-align: center;\">SP2NBW &#8211; Andrzej<\/p>\n<p style=\"text-align: center;\">SP2DOL &#8211; Ryszard<\/p>\n<p style=\"text-align: center;\">SP2ISB &#8211; Edwin<\/p>\n<p style=\"text-align: center;\">SP2WGA &#8211; Henryk<\/p>\n<p style=\"text-align: center;\">SP2CG &#8211; Tadeusz<\/p>\n<p style=\"text-align: center;\">SP2GST &#8211; Kacper<\/p>\n<p style=\"text-align: center;\">SP2WDU &#8211; Henio<\/p>\n","protected":false},"excerpt":{"rendered":"<p>&nbsp; &nbsp; &nbsp; &nbsp; &nbsp;SP2MW &#8211; Jurek (Jerzy) SP2IRG &#8211; Edek SP2JKD &#8211; Tadek SP2IRI &#8211; J\u00f3zef SP2NBW &#8211; Andrzej SP2DOL &#8211; Ryszard SP2ISB &#8211; Edwin SP2WGA &#8211; Henryk SP2CG &#8211; Tadeusz SP2GST &#8211; Kacper SP2WDU &#8211; Henio<\/p>\n","protected":false},"author":6,"featured_media":0,"parent":0,"menu_order":0,"comment_status":"closed","ping_status":"closed","template":"","meta":{"ngg_post_thumbnail":0},"_links":{"self":[{"href":"https:\/\/sp2kfd.pzk.pl\/index.php?rest_route=\/wp\/v2\/pages\/975"}],"collection":[{"href":"https:\/\/sp2kfd.pzk.pl\/index.php?rest_route=\/wp\/v2\/pages"}],"about":[{"href":"https:\/\/sp2kfd.pzk.pl\/index.php?rest_route=\/wp\/v2\/types\/page"}],"author":[{"embeddable":true,"href":"https:\/\/sp2kfd.pzk.pl\/index.php?rest_route=\/wp\/v2\/users\/6"}],"replies":[{"embeddable":true,"href":"https:\/\/sp2kfd.pzk.pl\/index.php?rest_route=%2Fwp%2Fv2%2Fcomments&post=975"}],"version-history":[{"count":27,"href":"https:\/\/sp2kfd.pzk.pl\/index.php?rest_route=\/wp\/v2\/pages\/975\/revisions"}],"predecessor-version":[{"id":2367,"href":"https:\/\/sp2kfd.pzk.pl\/index.php?rest_route=\/wp\/v2\/pages\/975\/revisions\/2367"}],"wp:attachment":[{"href":"https:\/\/sp2kfd.pzk.pl\/index.php?rest_route=%2Fwp%2Fv2%2Fmedia&parent=975"}],"curies":[{"name":"wp","href":"https:\/\/api.w.org\/{rel}","templated":true}]}}